{"id":211,"date":"2025-01-22T09:59:03","date_gmt":"2025-01-22T14:59:03","guid":{"rendered":"https:\/\/cadacargo.com.co\/?page_id=211"},"modified":"2025-01-22T14:02:14","modified_gmt":"2025-01-22T19:02:14","slug":"nuestra-empresa","status":"publish","type":"page","link":"https:\/\/cadacargo.com.co\/es\/nuestra-empresa\/","title":{"rendered":"Nuestra empresa"},"content":{"rendered":"<p>[et_pb_section fb_built=\u00bb1&#8243; bg_img_2=\u00bbhttps:\/\/cadacargo.com.co\/wp-content\/uploads\/2025\/01\/resort-02.jpg\u00bb use_background_color_gradient_2=\u00bboff\u00bb background_color_gradient_direction_2=\u00bb105deg\u00bb background_color_gradient_stops_2=\u00bbrgba(255,255,255,0.65) 0%|rgba(255,255,255,0) 76%\u00bb background_color_gradient_start_2=\u00bbrgba(255,255,255,0.65)\u00bb background_color_gradient_end_2=\u00bbrgba(255,255,255,0)\u00bb background_color_gradient_start_position_2=\u00bb0%\u00bb background_color_gradient_end_position_2=\u00bb76%\u00bb background_color_gradient_overlays_image_2=\u00bbon\u00bb admin_label=\u00bbHeader\u00bb _builder_version=\u00bb4.27.4&#8243; use_background_color_gradient=\u00bbon\u00bb background_color_gradient_stops=\u00bbrgba(255,255,255,0) 0%|rgba(0,31,99,0.47) 50%\u00bb background_color_gradient_overlays_image=\u00bbon\u00bb background_color_gradient_start=\u00bbrgba(255,255,255,0)\u00bb background_color_gradient_end=\u00bbrgba(0,31,99,0.47)\u00bb background_color_gradient_end_position=\u00bb50%\u00bb background_image=\u00bbhttps:\/\/cadacargo.com.co\/wp-content\/uploads\/2025\/01\/header-nuestra-empresa.webp\u00bb custom_padding=\u00bb20vw|0px|0|0px|false|false\u00bb global_colors_info=\u00bb{}\u00bb][et_pb_row custom_padding_last_edited=\u00bbon|desktop\u00bb _builder_version=\u00bb4.16&#8243; background_color=\u00bb#ffffff\u00bb max_width=\u00bb1160px\u00bb custom_padding=\u00bb|40px||40px||true\u00bb custom_padding_tablet=\u00bb|20px||20px||true\u00bb custom_padding_phone=\u00bb\u00bb use_custom_width=\u00bbon\u00bb custom_width_px=\u00bb1160px\u00bb global_colors_info=\u00bb{}\u00bb][et_pb_column type=\u00bb4_4&#8243; _builder_version=\u00bb4.16&#8243; custom_padding=\u00bb|||\u00bb global_colors_info=\u00bb{}\u00bb custom_padding__hover=\u00bb|||\u00bb][et_pb_text _builder_version=\u00bb4.27.4&#8243; text_font=\u00bb||||||||\u00bb text_line_height=\u00bb2em\u00bb header_font=\u00bb||||||||\u00bb header_text_color=\u00bb#000000&#8243; header_font_size=\u00bb80px\u00bb header_line_height=\u00bb1.3em\u00bb header_2_font=\u00bb|700||on|||||\u00bb header_2_font_size=\u00bb16px\u00bb header_2_letter_spacing=\u00bb6px\u00bb header_2_line_height=\u00bb2em\u00bb header_3_font=\u00bb||||||||\u00bb max_width=\u00bb700px\u00bb custom_margin_tablet=\u00bb0vw||20px\u00bb header_font_size_tablet=\u00bb50px\u00bb header_font_size_phone=\u00bb40px\u00bb header_font_size_last_edited=\u00bbon|phone\u00bb header_2_font_size_tablet=\u00bb\u00bb header_2_font_size_phone=\u00bb12px\u00bb header_2_font_size_last_edited=\u00bbon|phone\u00bb header_text_shadow_style=\u00bbpreset3&#8243; header_text_shadow_vertical_length=\u00bb0.03em\u00bb header_text_shadow_color=\u00bb#ffffff\u00bb locked=\u00bboff\u00bb global_colors_info=\u00bb{}\u00bb header_3_font_size__hover=\u00bb22px\u00bb header_3_font_size__hover_enabled=\u00bb22px\u00bb header_3_letter_spacing__hover=\u00bb0px\u00bb header_3_letter_spacing__hover_enabled=\u00bb0px\u00bb header_3_line_height__hover=\u00bb1em\u00bb header_3_line_height__hover_enabled=\u00bb1em\u00bb header_3_text_shadow_style__hover=\u00bbnone\u00bb header_3_text_shadow_style__hover_enabled=\u00bbnone\u00bb header_3_text_shadow_color__hover=\u00bbrgba(0,0,0,0.4)\u00bb header_3_text_shadow_color__hover_enabled=\u00bbrgba(0,0,0,0.4)\u00bb]<\/p>\n<h1>Nuestra empresa<\/h1>\n<h2>Conectamos tu mundo, garantizando tu carga<\/h2>\n<p>[\/et_pb_text][\/et_pb_column][\/et_pb_row][\/et_pb_section][et_pb_section fb_built=\u00bb1&#8243; admin_label=\u00bbAbout\u00bb _builder_version=\u00bb4.16&#8243; custom_padding=\u00bb0|0px|0|0px|false|false\u00bb global_colors_info=\u00bb{}\u00bb][et_pb_row column_structure=\u00bb1_3,1_3,1_3&#8243; make_equal=\u00bbon\u00bb custom_padding_last_edited=\u00bbon|desktop\u00bb _builder_version=\u00bb4.27.4&#8243; max_width=\u00bb1160px\u00bb custom_padding=\u00bb25px||25px|40px|true|false\u00bb custom_padding_tablet=\u00bb|20px||20px||true\u00bb custom_padding_phone=\u00bb\u00bb use_custom_width=\u00bbon\u00bb custom_width_px=\u00bb1160px\u00bb global_colors_info=\u00bb{}\u00bb][et_pb_column type=\u00bb1_3&#8243; _builder_version=\u00bb4.16&#8243; custom_padding=\u00bb40px|||\u00bb custom_padding_tablet=\u00bb0px||\u00bb custom_padding_phone=\u00bb0px||\u00bb custom_padding_last_edited=\u00bbon|desktop\u00bb global_colors_info=\u00bb{}\u00bb custom_padding__hover=\u00bb|||\u00bb][\/et_pb_column][et_pb_column type=\u00bb1_3&#8243; _builder_version=\u00bb4.16&#8243; custom_padding=\u00bb40px|||\u00bb custom_padding_tablet=\u00bb0px|||\u00bb custom_padding_phone=\u00bb0px|||\u00bb custom_padding_last_edited=\u00bbon|desktop\u00bb global_colors_info=\u00bb{}\u00bb custom_padding__hover=\u00bb|||\u00bb][\/et_pb_column][et_pb_column type=\u00bb1_3&#8243; _builder_version=\u00bb4.16&#8243; custom_padding=\u00bb|||\u00bb global_colors_info=\u00bb{}\u00bb custom_padding__hover=\u00bb|||\u00bb][et_pb_text _builder_version=\u00bb4.27.4&#8243; text_font=\u00bb|700||on|||||\u00bb text_text_color=\u00bb#222845&#8243; text_letter_spacing=\u00bb6px\u00bb text_line_height=\u00bb1.6em\u00bb header_2_font_size=\u00bb15px\u00bb header_2_letter_spacing=\u00bb1px\u00bb header_2_line_height=\u00bb1.3em\u00bb background_color=\u00bb#FFCD00&#8243; background_color_gradient_direction=\u00bb90deg\u00bb text_orientation=\u00bbcenter\u00bb custom_margin_last_edited=\u00bboff|desktop\u00bb custom_padding=\u00bb80px|40px|80px|40px|true|true\u00bb custom_padding_tablet=\u00bb40px||40px||true\u00bb custom_padding_phone=\u00bb\u00bb custom_padding_last_edited=\u00bbon|tablet\u00bb locked=\u00bboff\u00bb global_colors_info=\u00bb{}\u00bb background__hover_enabled=\u00bboff|hover\u00bb background_color__hover=\u00bb#ffb238&#8243; text_text_color__hover=\u00bb#ffffff\u00bb]<\/p>\n<h2>Cada Cargo SAS, Empresa L\u00edder en Log\u00edstica y Transporte Internacional<\/h2>\n<p>[\/et_pb_text][\/et_pb_column][\/et_pb_row][\/et_pb_section][et_pb_section fb_built=\u00bb1&#8243; admin_label=\u00bbGallery\u00bb _builder_version=\u00bb4.27.4&#8243; background_color=\u00bbrgba(0,0,0,0)\u00bb custom_padding=\u00bb50px|0px|50px|0px|true|false\u00bb global_colors_info=\u00bb{}\u00bb][et_pb_row column_structure=\u00bb1_2,1_2&#8243; _builder_version=\u00bb4.27.4&#8243; custom_padding=\u00bb0px|0px|0px|0px|true|false\u00bb global_colors_info=\u00bb{}\u00bb][et_pb_column type=\u00bb1_2&#8243; _builder_version=\u00bb4.16&#8243; custom_padding=\u00bb|||\u00bb global_colors_info=\u00bb{}\u00bb custom_padding__hover=\u00bb|||\u00bb][et_pb_image src=\u00bbhttps:\/\/cadacargo.com.co\/wp-content\/uploads\/2025\/01\/historia-Cada-Cargo.webp\u00bb alt=\u00bbhistoria Cada Cargo\u00bb title_text=\u00bbhistoria Cada Cargo\u00bb align_tablet=\u00bbcenter\u00bb align_phone=\u00bbcenter\u00bb align_last_edited=\u00bbon|desktop\u00bb _builder_version=\u00bb4.27.4&#8243; global_colors_info=\u00bb{}\u00bb][\/et_pb_image][et_pb_text _builder_version=\u00bb4.27.4&#8243; text_font=\u00bb||||||||\u00bb text_line_height=\u00bb2em\u00bb header_font=\u00bb||||||||\u00bb header_2_font=\u00bb||||||||\u00bb header_2_font_size=\u00bb50px\u00bb header_2_line_height=\u00bb1.2em\u00bb text_orientation=\u00bbjustified\u00bb max_width=\u00bb550px\u00bb max_width_tablet=\u00bb100%\u00bb max_width_phone=\u00bb100%\u00bb max_width_last_edited=\u00bbon|tablet\u00bb custom_margin_tablet=\u00bb50px||||false|false\u00bb custom_margin_phone=\u00bb50px||||false|false\u00bb custom_margin_last_edited=\u00bbon|tablet\u00bb custom_padding_tablet=\u00bb||||false|false\u00bb custom_padding_phone=\u00bb||||false|false\u00bb custom_padding_last_edited=\u00bbon|tablet\u00bb header_2_font_size_tablet=\u00bb40px\u00bb header_2_font_size_phone=\u00bb30px\u00bb header_2_font_size_last_edited=\u00bbon|phone\u00bb locked=\u00bboff\u00bb global_colors_info=\u00bb{}\u00bb]<\/p>\n<h2>Historia<\/h2>\n<p>Nuestra empresa naci\u00f3 en mayo de 2012 con el objetivo de suplir las necesidades de los clientes que buscan un servicio profesional y eficiente para minimizar los tiempos y costos de sus importaciones y exportaciones. Fundada por un grupo de profesionales con m\u00e1s de 15 a\u00f1os de experiencia en log\u00edstica, transporte internacional, almacenaje y asesor\u00eda en comercio exterior, hemos desarrollado un amplio portafolio de servicios. Hoy en d\u00eda, contamos con una importante cartera de clientes representada por importadores y exportadores directos que conf\u00edan en nuestra capacidad para gestionar sus necesidades de transporte internacional.<\/p>\n<p>[\/et_pb_text][\/et_pb_column][et_pb_column type=\u00bb1_2&#8243; _builder_version=\u00bb4.16&#8243; custom_padding=\u00bb100px|||\u00bb global_colors_info=\u00bb{}\u00bb custom_padding__hover=\u00bb|||\u00bb][et_pb_text _builder_version=\u00bb4.27.4&#8243; text_font=\u00bb||||||||\u00bb text_line_height=\u00bb2em\u00bb header_font=\u00bb||||||||\u00bb header_2_font=\u00bb||||||||\u00bb header_2_font_size=\u00bb50px\u00bb header_2_line_height=\u00bb1.2em\u00bb text_orientation=\u00bbjustified\u00bb max_width=\u00bb550px\u00bb max_width_tablet=\u00bb100%\u00bb max_width_phone=\u00bb100%\u00bb max_width_last_edited=\u00bbon|tablet\u00bb custom_padding=\u00bb30px||||false|false\u00bb custom_padding_tablet=\u00bb0px||20px||false|false\u00bb custom_padding_phone=\u00bb0px||20px||false|false\u00bb custom_padding_last_edited=\u00bbon|tablet\u00bb header_2_font_size_tablet=\u00bb40px\u00bb header_2_font_size_phone=\u00bb30px\u00bb header_2_font_size_last_edited=\u00bbon|phone\u00bb locked=\u00bboff\u00bb global_colors_info=\u00bb{}\u00bb]<\/p>\n<h2>Visi\u00f3n<\/h2>\n<p>Nuestra visi\u00f3n es proporcionar acceso a las mejores redes log\u00edsticas mundiales, apoyados por modernas herramientas de comunicaci\u00f3n y datos basados en los m\u00e1s altos est\u00e1ndares de seguridad. Aspiramos a ser l\u00edderes en representaci\u00f3n global para importadores y exportadores que buscan la excelencia, comprometidos tanto con la responsabilidad social como ambiental.<\/p>\n<p>[\/et_pb_text][et_pb_image src=\u00bbhttps:\/\/cadacargo.com.co\/wp-content\/uploads\/2025\/01\/red-Cada-Cargo.webp\u00bb alt=\u00bbred Cada Cargo\u00bb title_text=\u00bbred Cada Cargo\u00bb align_tablet=\u00bbcenter\u00bb align_phone=\u00bbcenter\u00bb align_last_edited=\u00bbon|desktop\u00bb _builder_version=\u00bb4.27.4&#8243; global_colors_info=\u00bb{}\u00bb][\/et_pb_image][\/et_pb_column][\/et_pb_row][\/et_pb_section][et_pb_section fb_built=\u00bb1&#8243; admin_label=\u00bbAmenities\u00bb _builder_version=\u00bb4.27.4&#8243; custom_padding=\u00bb50px||50px||true|false\u00bb global_colors_info=\u00bb{}\u00bb][et_pb_row _builder_version=\u00bb4.27.4&#8243; custom_padding=\u00bb0px||20px||false|false\u00bb global_colors_info=\u00bb{}\u00bb][et_pb_column type=\u00bb4_4&#8243; _builder_version=\u00bb4.16&#8243; custom_padding=\u00bb|||\u00bb global_colors_info=\u00bb{}\u00bb custom_padding__hover=\u00bb|||\u00bb][et_pb_text _builder_version=\u00bb4.27.4&#8243; text_font=\u00bb||||||||\u00bb text_line_height=\u00bb2em\u00bb header_font=\u00bb||||||||\u00bb header_2_font=\u00bb||||||||\u00bb header_2_font_size=\u00bb50px\u00bb header_2_line_height=\u00bb1.2em\u00bb text_orientation=\u00bbjustified\u00bb header_2_font_size_tablet=\u00bb40px\u00bb header_2_font_size_phone=\u00bb30px\u00bb header_2_font_size_last_edited=\u00bbon|phone\u00bb locked=\u00bboff\u00bb global_colors_info=\u00bb{}\u00bb]<\/p>\n<h2>Misi\u00f3n<\/h2>\n<p>Somos un Agente de Carga Internacional dedicado al transporte mar\u00edtimo y a\u00e9reo, comprometidos con la satisfacci\u00f3n continua de nuestros clientes. Nuestros principios y valores incluyen:[\/et_pb_text][\/et_pb_column][\/et_pb_row][et_pb_row column_structure=\u00bb1_3,1_3,1_3&#8243; _builder_version=\u00bb4.16&#8243; global_colors_info=\u00bb{}\u00bb][et_pb_column type=\u00bb1_3&#8243; _builder_version=\u00bb4.16&#8243; custom_padding=\u00bb|||\u00bb global_colors_info=\u00bb{}\u00bb custom_padding__hover=\u00bb|||\u00bb][et_pb_blurb title=\u00bb1. Compromiso con la Seguridad y el Control\u00bb _builder_version=\u00bb4.27.4&#8243; header_font=\u00bb|600||on|||||\u00bb header_font_size=\u00bb14px\u00bb header_letter_spacing=\u00bb1px\u00bb header_line_height=\u00bb1.3em\u00bb body_font=\u00bb||||||||\u00bb body_text_color=\u00bb#5a5b5b\u00bb text_orientation=\u00bbjustified\u00bb link_option_url=\u00bb#\u00bb locked=\u00bboff\u00bb global_colors_info=\u00bb{}\u00bb icon_color__hover_enabled=\u00bbon\u00bb icon_color__hover=\u00bb#ff5900&#8243;]<\/p>\n<ol>\n<ul>\n<li>Implementamos y mantenemos un SGCS s\u00f3lido para garantizar la seguridad de nuestras operaciones y la protecci\u00f3n de los activos de nuestros clientes.<\/li>\n<li>Cumplimos con todos los requisitos legales y normativos aplicables en el \u00e1mbito del comercio exterior.<\/li>\n<\/ul>\n<\/ol>\n<p>[\/et_pb_blurb][\/et_pb_column][et_pb_column type=\u00bb1_3&#8243; _builder_version=\u00bb4.16&#8243; custom_padding=\u00bb|||\u00bb global_colors_info=\u00bb{}\u00bb custom_padding__hover=\u00bb|||\u00bb][et_pb_blurb title=\u00bb2. Liderazgo y Profesionalismo\u00bb _builder_version=\u00bb4.27.4&#8243; header_font=\u00bb|600||on|||||\u00bb header_font_size=\u00bb14px\u00bb header_letter_spacing=\u00bb1px\u00bb header_line_height=\u00bb1.3em\u00bb body_font=\u00bb||||||||\u00bb body_text_color=\u00bb#5a5b5b\u00bb text_orientation=\u00bbjustified\u00bb link_option_url=\u00bb#\u00bb locked=\u00bboff\u00bb global_colors_info=\u00bb{}\u00bb icon_color__hover_enabled=\u00bbon\u00bb icon_color__hover=\u00bb#ff5900&#8243;]<\/p>\n<ol>\n<ul>\n<li>Implementamos y mantenemos un SGCS s\u00f3lido para garantizar la seguridad de nuestras operaciones y la protecci\u00f3n de los activos de nuestros clientes.<\/li>\n<li>Cumplimos con todos los requisitos legales y normativos aplicables en el \u00e1mbito del comercio exterior.<\/li>\n<\/ul>\n<\/ol>\n<p>[\/et_pb_blurb][\/et_pb_column][et_pb_column type=\u00bb1_3&#8243; _builder_version=\u00bb4.16&#8243; custom_padding=\u00bb|||\u00bb global_colors_info=\u00bb{}\u00bb custom_padding__hover=\u00bb|||\u00bb][et_pb_blurb title=\u00bb3. Valoramos a Nuestros Clientes\u00bb _builder_version=\u00bb4.27.4&#8243; header_font=\u00bb|600||on|||||\u00bb header_font_size=\u00bb14px\u00bb header_letter_spacing=\u00bb1px\u00bb header_line_height=\u00bb1.3em\u00bb body_font=\u00bb||||||||\u00bb body_text_color=\u00bb#5a5b5b\u00bb text_orientation=\u00bbjustified\u00bb link_option_url=\u00bb#\u00bb locked=\u00bboff\u00bb global_colors_info=\u00bb{}\u00bb icon_color__hover_enabled=\u00bbon\u00bb icon_color__hover=\u00bb#ff5900&#8243;]<\/p>\n<ol>\n<ul>\n<li>Buscamos constantemente superar las expectativas de nuestros clientes.<\/li>\n<li>La satisfacci\u00f3n del cliente es nuestra prioridad y trabajamos arduamente para lograrla.<\/li>\n<\/ul>\n<\/ol>\n<p>[\/et_pb_blurb][\/et_pb_column][\/et_pb_row][et_pb_row column_structure=\u00bb1_3,1_3,1_3&#8243; custom_padding_last_edited=\u00bbon|tablet\u00bb _builder_version=\u00bb4.27.4&#8243; custom_padding_tablet=\u00bb||0px||false|false\u00bb custom_padding_phone=\u00bb||0px||false|false\u00bb global_colors_info=\u00bb{}\u00bb][et_pb_column type=\u00bb1_3&#8243; _builder_version=\u00bb4.16&#8243; custom_padding=\u00bb|||\u00bb global_colors_info=\u00bb{}\u00bb custom_padding__hover=\u00bb|||\u00bb][et_pb_blurb title=\u00bb4. Principios \u00c9ticos y Transparencia\u00bb _builder_version=\u00bb4.27.4&#8243; header_font=\u00bb|600||on|||||\u00bb header_text_align=\u00bbleft\u00bb header_font_size=\u00bb14px\u00bb header_letter_spacing=\u00bb1px\u00bb header_line_height=\u00bb1.3em\u00bb body_font=\u00bb||||||||\u00bb body_text_color=\u00bb#5a5b5b\u00bb text_orientation=\u00bbjustified\u00bb link_option_url=\u00bb#\u00bb locked=\u00bboff\u00bb global_colors_info=\u00bb{}\u00bb icon_color__hover_enabled=\u00bbon\u00bb icon_color__hover=\u00bb#ff5900&#8243;]<\/p>\n<ol>\n<ul>\n<li>Actuamos con honestidad, \u00e9tica y transparencia en todas nuestras interacciones.<\/li>\n<li>Mantenemos altos est\u00e1ndares de conducta y comunicaci\u00f3n.<\/li>\n<\/ul>\n<\/ol>\n<p>[\/et_pb_blurb][\/et_pb_column][et_pb_column type=\u00bb1_3&#8243; _builder_version=\u00bb4.16&#8243; custom_padding=\u00bb|||\u00bb global_colors_info=\u00bb{}\u00bb custom_padding__hover=\u00bb|||\u00bb][et_pb_blurb title=\u00bb5. Desarrollo Continuo\u00bb _builder_version=\u00bb4.27.4&#8243; header_font=\u00bb|600||on|||||\u00bb header_font_size=\u00bb14px\u00bb header_letter_spacing=\u00bb1px\u00bb header_line_height=\u00bb1.3em\u00bb body_font=\u00bb||||||||\u00bb body_text_color=\u00bb#5a5b5b\u00bb text_orientation=\u00bbjustified\u00bb link_option_url=\u00bb#\u00bb locked=\u00bboff\u00bb global_colors_info=\u00bb{}\u00bb icon_color__hover_enabled=\u00bbon\u00bb icon_color__hover=\u00bb#ff5900&#8243;]<\/p>\n<ol>\n<ul>\n<li>Nos esforzamos por mejorar constantemente nuestros procesos y servicios.<\/li>\n<li>Realizamos auditor\u00edas internas y evaluaciones peri\u00f3dicas para medir nuestro desempe\u00f1o y buscar oportunidades de mejora.<\/li>\n<\/ul>\n<\/ol>\n<p>[\/et_pb_blurb][\/et_pb_column][et_pb_column type=\u00bb1_3&#8243; _builder_version=\u00bb4.16&#8243; custom_padding=\u00bb|||\u00bb global_colors_info=\u00bb{}\u00bb custom_padding__hover=\u00bb|||\u00bb][\/et_pb_column][\/et_pb_row][\/et_pb_section][et_pb_section fb_built=\u00bb1&#8243; fullwidth=\u00bbon\u00bb _builder_version=\u00bb4.16&#8243; locked=\u00bboff\u00bb global_colors_info=\u00bb{}\u00bb][et_pb_fullwidth_image src=\u00bbhttps:\/\/cadacargo.com.co\/wp-content\/uploads\/2025\/01\/buque-nuestra-empresa.webp\u00bb alt=\u00bbbuque nuestra empresa Cada Cargo\u00bb title_text=\u00bbbuque nuestra empresa Cada Cargo\u00bb _builder_version=\u00bb4.27.4&#8243; global_colors_info=\u00bb{}\u00bb][\/et_pb_fullwidth_image][\/et_pb_section]<\/p>\n","protected":false},"excerpt":{"rendered":"<p>Nuestra empresa Conectamos tu mundo, garantizando tu cargaCada Cargo SAS, Empresa L\u00edder en Log\u00edstica y Transporte InternacionalHistoria Nuestra empresa naci\u00f3 en mayo de 2012 con el objetivo de suplir las necesidades de los clientes que buscan un servicio profesional y eficiente para minimizar los tiempos y costos de sus importaciones y exportaciones. Fundada por un [&hellip;]<\/p>\n","protected":false},"author":1,"featured_media":0,"parent":0,"menu_order":0,"comment_status":"closed","ping_status":"closed","template":"","meta":{"_et_pb_use_builder":"on","_et_pb_old_content":"","_et_gb_content_width":"","footnotes":""},"class_list":["post-211","page","type-page","status-publish","hentry"],"_links":{"self":[{"href":"https:\/\/cadacargo.com.co\/es\/wp-json\/wp\/v2\/pages\/211","targetHints":{"allow":["GET"]}}],"collection":[{"href":"https:\/\/cadacargo.com.co\/es\/wp-json\/wp\/v2\/pages"}],"about":[{"href":"https:\/\/cadacargo.com.co\/es\/wp-json\/wp\/v2\/types\/page"}],"author":[{"embeddable":true,"href":"https:\/\/cadacargo.com.co\/es\/wp-json\/wp\/v2\/users\/1"}],"replies":[{"embeddable":true,"href":"https:\/\/cadacargo.com.co\/es\/wp-json\/wp\/v2\/comments?post=211"}],"version-history":[{"count":5,"href":"https:\/\/cadacargo.com.co\/es\/wp-json\/wp\/v2\/pages\/211\/revisions"}],"predecessor-version":[{"id":310,"href":"https:\/\/cadacargo.com.co\/es\/wp-json\/wp\/v2\/pages\/211\/revisions\/310"}],"wp:attachment":[{"href":"https:\/\/cadacargo.com.co\/es\/wp-json\/wp\/v2\/media?parent=211"}],"curies":[{"name":"wp","href":"https:\/\/api.w.org\/{rel}","templated":true}]}}