{"id":311,"date":"2025-01-22T14:04:48","date_gmt":"2025-01-22T19:04:48","guid":{"rendered":"https:\/\/cadacargo.com.co\/?page_id=311"},"modified":"2025-01-28T11:11:51","modified_gmt":"2025-01-28T16:11:51","slug":"contactenos","status":"publish","type":"page","link":"https:\/\/cadacargo.com.co\/es\/contactenos\/","title":{"rendered":"Cont\u00e1ctenos"},"content":{"rendered":"<p>[et_pb_section fb_built=\u00bb1&#8243; bg_img_2=\u00bbhttps:\/\/cadacargo.com.co\/wp-content\/uploads\/2025\/01\/resort-02.jpg\u00bb use_background_color_gradient_2=\u00bboff\u00bb background_color_gradient_direction_2=\u00bb105deg\u00bb background_color_gradient_stops_2=\u00bbrgba(255,255,255,0.65) 0%|rgba(255,255,255,0) 76%\u00bb background_color_gradient_start_2=\u00bbrgba(255,255,255,0.65)\u00bb background_color_gradient_end_2=\u00bbrgba(255,255,255,0)\u00bb background_color_gradient_start_position_2=\u00bb0%\u00bb background_color_gradient_end_position_2=\u00bb76%\u00bb background_color_gradient_overlays_image_2=\u00bbon\u00bb admin_label=\u00bbHeader\u00bb _builder_version=\u00bb4.27.4&#8243; use_background_color_gradient=\u00bbon\u00bb background_color_gradient_stops=\u00bbrgba(255,255,255,0) 0%|rgba(0,31,99,0.47) 50%\u00bb background_color_gradient_overlays_image=\u00bbon\u00bb background_color_gradient_start=\u00bbrgba(255,255,255,0)\u00bb background_color_gradient_end=\u00bbrgba(0,31,99,0.47)\u00bb background_color_gradient_end_position=\u00bb50%\u00bb background_image=\u00bbhttps:\/\/cadacargo.com.co\/wp-content\/uploads\/2025\/01\/header-Contactenos.webp\u00bb custom_padding=\u00bb20vw|0px|0|0px|false|false\u00bb global_colors_info=\u00bb{}\u00bb][et_pb_row custom_padding_last_edited=\u00bbon|desktop\u00bb _builder_version=\u00bb4.16&#8243; background_color=\u00bb#ffffff\u00bb max_width=\u00bb1160px\u00bb custom_padding=\u00bb|40px||40px||true\u00bb custom_padding_tablet=\u00bb|20px||20px||true\u00bb custom_padding_phone=\u00bb\u00bb use_custom_width=\u00bbon\u00bb custom_width_px=\u00bb1160px\u00bb global_colors_info=\u00bb{}\u00bb][et_pb_column type=\u00bb4_4&#8243; _builder_version=\u00bb4.16&#8243; custom_padding=\u00bb|||\u00bb global_colors_info=\u00bb{}\u00bb custom_padding__hover=\u00bb|||\u00bb][et_pb_text _builder_version=\u00bb4.27.4&#8243; text_font=\u00bb||||||||\u00bb text_line_height=\u00bb2em\u00bb header_font=\u00bb||||||||\u00bb header_text_color=\u00bb#000000&#8243; header_font_size=\u00bb80px\u00bb header_line_height=\u00bb1.3em\u00bb header_2_font=\u00bb|700||on|||||\u00bb header_2_font_size=\u00bb16px\u00bb header_2_letter_spacing=\u00bb6px\u00bb header_2_line_height=\u00bb2em\u00bb header_3_font=\u00bb||||||||\u00bb max_width=\u00bb700px\u00bb custom_margin_tablet=\u00bb0vw||20px\u00bb header_font_size_tablet=\u00bb50px\u00bb header_font_size_phone=\u00bb40px\u00bb header_font_size_last_edited=\u00bbon|phone\u00bb header_2_font_size_tablet=\u00bb\u00bb header_2_font_size_phone=\u00bb12px\u00bb header_2_font_size_last_edited=\u00bbon|phone\u00bb header_text_shadow_style=\u00bbpreset3&#8243; header_text_shadow_vertical_length=\u00bb0.03em\u00bb header_text_shadow_color=\u00bb#ffffff\u00bb locked=\u00bboff\u00bb global_colors_info=\u00bb{}\u00bb header_3_font_size__hover=\u00bb22px\u00bb header_3_font_size__hover_enabled=\u00bb22px\u00bb header_3_letter_spacing__hover=\u00bb0px\u00bb header_3_letter_spacing__hover_enabled=\u00bb0px\u00bb header_3_line_height__hover=\u00bb1em\u00bb header_3_line_height__hover_enabled=\u00bb1em\u00bb header_3_text_shadow_style__hover=\u00bbnone\u00bb header_3_text_shadow_style__hover_enabled=\u00bbnone\u00bb header_3_text_shadow_color__hover=\u00bbrgba(0,0,0,0.4)\u00bb header_3_text_shadow_color__hover_enabled=\u00bbrgba(0,0,0,0.4)\u00bb]<\/p>\n<h1>Cont\u00e1ctenos<\/h1>\n<h2>Estamos aqu\u00ed para ayudarle<\/h2>\n<p>[\/et_pb_text][\/et_pb_column][\/et_pb_row][\/et_pb_section][et_pb_section fb_built=\u00bb1&#8243; admin_label=\u00bbGallery\u00bb _builder_version=\u00bb4.27.4&#8243; background_color=\u00bbrgba(0,0,0,0)\u00bb background_enable_image=\u00bboff\u00bb custom_padding=\u00bb150px|0px|120px|0px|false|false\u00bb global_colors_info=\u00bb{}\u00bb][et_pb_row column_structure=\u00bb1_2,1_2&#8243; _builder_version=\u00bb4.27.4&#8243; custom_padding=\u00bb0|0px|27px|0px|false|false\u00bb global_colors_info=\u00bb{}\u00bb][et_pb_column type=\u00bb1_2&#8243; _builder_version=\u00bb4.16&#8243; custom_padding=\u00bb|||\u00bb global_colors_info=\u00bb{}\u00bb custom_padding__hover=\u00bb|||\u00bb][et_pb_image src=\u00bbhttps:\/\/cadacargo.com.co\/wp-content\/uploads\/2025\/01\/contactenos-Cada-Cargo.webp\u00bb alt=\u00bbcont\u00e1ctenos Cada Cargo\u00bb title_text=\u00bbcont\u00e1ctenos Cada Cargo\u00bb align_tablet=\u00bbcenter\u00bb align_phone=\u00bbcenter\u00bb align_last_edited=\u00bbon|desktop\u00bb _builder_version=\u00bb4.27.4&#8243; global_colors_info=\u00bb{}\u00bb][\/et_pb_image][\/et_pb_column][et_pb_column type=\u00bb1_2&#8243; _builder_version=\u00bb4.27.4&#8243; custom_padding=\u00bb||||false|false\u00bb global_colors_info=\u00bb{}\u00bb custom_padding__hover=\u00bb|||\u00bb][et_pb_text ul_type=\u00bbnone\u00bb _builder_version=\u00bb4.27.4&#8243; _module_preset=\u00bbdefault\u00bb header_text_color=\u00bb#FFFFFF\u00bb header_3_text_color=\u00bb#2B2B2B\u00bb header_3_font_size=\u00bb16px\u00bb custom_margin=\u00bb||10px||false|false\u00bb locked=\u00bboff\u00bb global_colors_info=\u00bb{}\u00bb]<\/p>\n<h3>Pronto le responderemos<\/h3>\n<p>[\/et_pb_text][et_pb_text _builder_version=\u00bb4.27.4&#8243; _module_preset=\u00bbdefault\u00bb text_font=\u00bb||||||||\u00bb link_option_url=\u00bbmailto:info@cadacargo.com.co\u00bb global_colors_info=\u00bb{}\u00bb]<\/p>\n<p>info@cadacargo.com.co<\/p>\n<p>[\/et_pb_text][et_pb_contact_form email=\u00bbinfo@cadacargo.com.co\u00bb custom_message=\u00bbCorreo desde sitio web.||et_pb_line_break_holder||||et_pb_line_break_holder||Nombre: %%Name%%.||et_pb_line_break_holder||Tel\u00e9fono: %%telefono%%.||et_pb_line_break_holder||Email: %%email%%.||et_pb_line_break_holder||||et_pb_line_break_holder||Mensaje: %%mensaje%%.||et_pb_line_break_holder||||et_pb_line_break_holder||Pol\u00edtica de datos: %%politica%%.\u00bb success_message=\u00bbAgradecemos su mensaje.\u00bb _builder_version=\u00bb4.27.4&#8243; _module_preset=\u00bbdefault\u00bb _unique_id=\u00bb9696d6ce-ae2b-4319-be0d-9a8a1ddec3ab\u00bb custom_button=\u00bbon\u00bb button_text_size=\u00bb14px\u00bb button_text_color=\u00bb#222845&#8243; button_bg_color=\u00bb#FFCD00&#8243; button_border_width=\u00bb0px\u00bb button_border_color=\u00bbRGBA(255,255,255,0)\u00bb button_border_radius=\u00bb0px\u00bb button_letter_spacing=\u00bb1px\u00bb button_font=\u00bb|||on|||||\u00bb button_icon_color=\u00bb#FFFFFF\u00bb button_custom_margin=\u00bb5px||5px||false|false\u00bb button_custom_padding=\u00bb0px|35px|0px|25px|false|false\u00bb hover_enabled=\u00bb0&#8243; global_colors_info=\u00bb{}\u00bb button_text_color__hover_enabled=\u00bbon|hover\u00bb button_text_color__hover=\u00bb#FFFFFF\u00bb button_bg_color__hover_enabled=\u00bbon|hover\u00bb button_bg_color__hover=\u00bb#222845&#8243; button_bg_enable_color__hover=\u00bbon\u00bb sticky_enabled=\u00bb0&#8243;][et_pb_contact_field field_id=\u00bbName\u00bb field_title=\u00bbNombre y Apellidos\u00bb _builder_version=\u00bb4.22.2&#8243; global_colors_info=\u00bb{}\u00bb button_text_size__hover_enabled=\u00bboff\u00bb button_one_text_size__hover_enabled=\u00bboff\u00bb button_two_text_size__hover_enabled=\u00bboff\u00bb button_text_color__hover_enabled=\u00bboff\u00bb button_one_text_color__hover_enabled=\u00bboff\u00bb button_two_text_color__hover_enabled=\u00bboff\u00bb button_border_width__hover_enabled=\u00bboff\u00bb button_one_border_width__hover_enabled=\u00bboff\u00bb button_two_border_width__hover_enabled=\u00bboff\u00bb button_border_color__hover_enabled=\u00bboff\u00bb button_one_border_color__hover_enabled=\u00bboff\u00bb button_two_border_color__hover_enabled=\u00bboff\u00bb button_border_radius__hover_enabled=\u00bboff\u00bb button_one_border_radius__hover_enabled=\u00bboff\u00bb button_two_border_radius__hover_enabled=\u00bboff\u00bb button_letter_spacing__hover_enabled=\u00bboff\u00bb button_one_letter_spacing__hover_enabled=\u00bboff\u00bb button_two_letter_spacing__hover_enabled=\u00bboff\u00bb button_bg_color__hover_enabled=\u00bboff\u00bb button_one_bg_color__hover_enabled=\u00bboff\u00bb button_two_bg_color__hover_enabled=\u00bboff\u00bb][\/et_pb_contact_field][et_pb_contact_field field_id=\u00bbtelefono\u00bb field_title=\u00bbTel\u00e9fono\u00bb _builder_version=\u00bb4.22.2&#8243; _module_preset=\u00bbdefault\u00bb global_colors_info=\u00bb{}\u00bb][\/et_pb_contact_field][et_pb_contact_field field_id=\u00bbemail\u00bb field_title=\u00bbDirecci\u00f3n de correo electr\u00f3nico\u00bb field_type=\u00bbemail\u00bb fullwidth_field=\u00bbon\u00bb _builder_version=\u00bb4.22.2&#8243; global_colors_info=\u00bb{}\u00bb button_text_size__hover_enabled=\u00bboff\u00bb button_one_text_size__hover_enabled=\u00bboff\u00bb button_two_text_size__hover_enabled=\u00bboff\u00bb button_text_color__hover_enabled=\u00bboff\u00bb button_one_text_color__hover_enabled=\u00bboff\u00bb button_two_text_color__hover_enabled=\u00bboff\u00bb button_border_width__hover_enabled=\u00bboff\u00bb button_one_border_width__hover_enabled=\u00bboff\u00bb button_two_border_width__hover_enabled=\u00bboff\u00bb button_border_color__hover_enabled=\u00bboff\u00bb button_one_border_color__hover_enabled=\u00bboff\u00bb button_two_border_color__hover_enabled=\u00bboff\u00bb button_border_radius__hover_enabled=\u00bboff\u00bb button_one_border_radius__hover_enabled=\u00bboff\u00bb button_two_border_radius__hover_enabled=\u00bboff\u00bb button_letter_spacing__hover_enabled=\u00bboff\u00bb button_one_letter_spacing__hover_enabled=\u00bboff\u00bb button_two_letter_spacing__hover_enabled=\u00bboff\u00bb button_bg_color__hover_enabled=\u00bboff\u00bb button_one_bg_color__hover_enabled=\u00bboff\u00bb button_two_bg_color__hover_enabled=\u00bboff\u00bb][\/et_pb_contact_field][et_pb_contact_field field_id=\u00bbmensaje\u00bb field_title=\u00bbMensaje\u00bb field_type=\u00bbtext\u00bb fullwidth_field=\u00bbon\u00bb _builder_version=\u00bb4.22.2&#8243; global_colors_info=\u00bb{}\u00bb button_text_size__hover_enabled=\u00bboff\u00bb button_one_text_size__hover_enabled=\u00bboff\u00bb button_two_text_size__hover_enabled=\u00bboff\u00bb button_text_color__hover_enabled=\u00bboff\u00bb button_one_text_color__hover_enabled=\u00bboff\u00bb button_two_text_color__hover_enabled=\u00bboff\u00bb button_border_width__hover_enabled=\u00bboff\u00bb button_one_border_width__hover_enabled=\u00bboff\u00bb button_two_border_width__hover_enabled=\u00bboff\u00bb button_border_color__hover_enabled=\u00bboff\u00bb button_one_border_color__hover_enabled=\u00bboff\u00bb button_two_border_color__hover_enabled=\u00bboff\u00bb button_border_radius__hover_enabled=\u00bboff\u00bb button_one_border_radius__hover_enabled=\u00bboff\u00bb button_two_border_radius__hover_enabled=\u00bboff\u00bb button_letter_spacing__hover_enabled=\u00bboff\u00bb button_one_letter_spacing__hover_enabled=\u00bboff\u00bb button_two_letter_spacing__hover_enabled=\u00bboff\u00bb button_bg_color__hover_enabled=\u00bboff\u00bb button_one_bg_color__hover_enabled=\u00bboff\u00bb button_two_bg_color__hover_enabled=\u00bboff\u00bb][\/et_pb_contact_field][et_pb_contact_field field_id=\u00bbpolitica\u00bb field_title=\u00bbManejo de datos personales\u00bb field_type=\u00bbcheckbox\u00bb checkbox_options=\u00bb%91{%22value%22:%22Acepto la pol\u00edtica de manejo de datos personales%22,%22checked%22:0,%22dragID%22:-1,%22link_url%22:%22\/politica-de-manejo-de-datos%22}%93&#8243; fullwidth_field=\u00bbon\u00bb _builder_version=\u00bb4.23.1&#8243; _module_preset=\u00bbdefault\u00bb global_colors_info=\u00bb{}\u00bb][\/et_pb_contact_field][\/et_pb_contact_form][et_pb_text ul_type=\u00bbnone\u00bb _builder_version=\u00bb4.27.4&#8243; _module_preset=\u00bbdefault\u00bb header_text_color=\u00bb#FFFFFF\u00bb header_3_text_color=\u00bb#2B2B2B\u00bb header_3_font_size=\u00bb16px\u00bb custom_margin=\u00bb||10px||false|false\u00bb locked=\u00bboff\u00bb global_colors_info=\u00bb{}\u00bb]<\/p>\n<h3>Datos de contacto<\/h3>\n<p>[\/et_pb_text][et_pb_text ul_type=\u00bbnone\u00bb _builder_version=\u00bb4.27.4&#8243; _module_preset=\u00bbdefault\u00bb text_text_color=\u00bb#2B2B2B\u00bb header_text_color=\u00bb#FFFFFF\u00bb header_3_text_color=\u00bb#FFFFFF\u00bb header_3_font_size=\u00bb16px\u00bb custom_margin=\u00bb0px||0px||false|false\u00bb locked=\u00bboff\u00bb global_colors_info=\u00bb{}\u00bb]<\/p>\n<ul>\n<li><strong>Tel\u00e9fono:<\/strong> +57 601 295 3807<\/li>\n<\/ul>\n<p>[\/et_pb_text][et_pb_text ul_type=\u00bbnone\u00bb _builder_version=\u00bb4.27.4&#8243; _module_preset=\u00bbdefault\u00bb text_text_color=\u00bb#2B2B2B\u00bb header_text_color=\u00bb#FFFFFF\u00bb header_3_text_color=\u00bb#FFFFFF\u00bb header_3_font_size=\u00bb16px\u00bb custom_margin=\u00bb0px||0px||false|false\u00bb locked=\u00bboff\u00bb global_colors_info=\u00bb{}\u00bb]<\/p>\n<ul>\n<li><strong>Direcci\u00f3n:<\/strong> <span>Direcci\u00f3n: Calle 24 D # 80 C 31<\/span><br \/><span>Oficina 201<\/span><br \/><span>Edificio Foribeza<\/span><br \/><span>Barrio Modelia<\/span><br \/><span>Bogot\u00e1 &#8211; Colombia<\/span><\/li>\n<\/ul>\n<p>[\/et_pb_text][\/et_pb_column][\/et_pb_row][\/et_pb_section][et_pb_section fb_built=\u00bb1&#8243; specialty=\u00bbon\u00bb custom_padding_last_edited=\u00bbon|phone\u00bb use_background_color_gradient_2=\u00bboff\u00bb background_color_gradient_direction_2=\u00bb105deg\u00bb background_color_gradient_stops_2=\u00bbrgba(255,255,255,0.65) 0%|rgba(255,255,255,0) 76%\u00bb background_color_gradient_start_2=\u00bbrgba(255,255,255,0.65)\u00bb background_color_gradient_end_2=\u00bbrgba(255,255,255,0)\u00bb background_color_gradient_start_position_2=\u00bb0%\u00bb background_color_gradient_end_position_2=\u00bb76%\u00bb background_color_gradient_overlays_image_2=\u00bbon\u00bb padding_top_2=\u00bb0px\u00bb padding_bottom_1=\u00bb60px\u00bb admin_label=\u00bbFooter\u00bb module_class=\u00bb et_pb_specialty_fullwidth\u00bb _builder_version=\u00bb4.27.4&#8243; background_image=\u00bbhttps:\/\/cadacargo.com.co\/wp-content\/uploads\/2025\/01\/buque-Cada-Cargo-contactenos.webp\u00bb inner_width=\u00bb89%\u00bb inner_width_tablet=\u00bb80%\u00bb inner_width_phone=\u00bb80%\u00bb inner_width_last_edited=\u00bbon|desktop\u00bb inner_max_width=\u00bb89%\u00bb inner_max_width_tablet=\u00bb80%\u00bb inner_max_width_phone=\u00bb80%\u00bb inner_max_width_last_edited=\u00bbon|desktop\u00bb custom_margin_tablet=\u00bb\u00bb custom_margin_phone=\u00bb\u00bb custom_margin_last_edited=\u00bbon|tablet\u00bb custom_padding=\u00bb0||0||false|false\u00bb custom_padding_tablet=\u00bb80px|0px|50px|0px|false|true\u00bb custom_padding_phone=\u00bb50px|0px||0px|false|false\u00bb make_fullwidth=\u00bbon\u00bb locked=\u00bboff\u00bb global_colors_info=\u00bb{}\u00bb][et_pb_column type=\u00bb1_2&#8243; specialty_columns=\u00bb2&#8243; _builder_version=\u00bb4.16&#8243; custom_padding=\u00bb|||\u00bb global_colors_info=\u00bb{}\u00bb custom_padding__hover=\u00bb|||\u00bb][\/et_pb_column][et_pb_column type=\u00bb1_2&#8243; _builder_version=\u00bb4.16&#8243; custom_padding=\u00bb|||\u00bb global_colors_info=\u00bb{}\u00bb custom_padding__hover=\u00bb|||\u00bb][et_pb_text _builder_version=\u00bb4.27.4&#8243; text_font=\u00bb|700||on|||||\u00bb text_text_color=\u00bb#ffffff\u00bb text_letter_spacing=\u00bb4px\u00bb text_line_height=\u00bb1.6em\u00bb background_color=\u00bb#222845&#8243; text_orientation=\u00bbcenter\u00bb custom_margin=\u00bb-50px||0px||false|false\u00bb custom_padding=\u00bb80px|40px|80px|40px|true|true\u00bb custom_padding_tablet=\u00bb40px||40px||true\u00bb custom_padding_phone=\u00bb\u00bb custom_padding_last_edited=\u00bbon|tablet\u00bb link_option_url=\u00bb#\u00bb box_shadow_style=\u00bbpreset2&#8243; box_shadow_color=\u00bbRGBA(102,102,102,0.5)\u00bb locked=\u00bboff\u00bb global_colors_info=\u00bb{}\u00bb text_text_color__hover=\u00bb#ffffff\u00bb background_color__hover=\u00bb#3d9eff\u00bb background__hover_enabled=\u00bboff|desktop\u00bb]<\/p>\n<p>Vis\u00edtenos<\/p>\n<p>[\/et_pb_text][et_pb_code _builder_version=\u00bb4.27.4&#8243; _module_preset=\u00bbdefault\u00bb box_shadow_style=\u00bbpreset2&#8243; box_shadow_color=\u00bbRGBA(102,102,102,0.5)\u00bb global_colors_info=\u00bb{}\u00bb]<iframe src=\"https:\/\/www.google.com\/maps\/embed?pb=!1m18!1m12!1m3!1d3976.578664016039!2d-74.12216352321826!3d4.6689539953059525!2m3!1f0!2f0!3f0!3m2!1i1024!2i768!4f13.1!3m3!1m2!1s0x8e3f9b7f40384641%3A0x9c25a4093f9385b3!2sCADA%20CARGO%20SAS!5e0!3m2!1ses!2sco!4v1736978244623!5m2!1ses!2sco\" width=\"100%\" height=\"450\" style=\"border:0;\" allowfullscreen=\"\" loading=\"lazy\" referrerpolicy=\"no-referrer-when-downgrade\"><\/iframe>[\/et_pb_code][\/et_pb_column][\/et_pb_section]<\/p>\n","protected":false},"excerpt":{"rendered":"<p>Cont\u00e1ctenos Estamos aqu\u00ed para ayudarlePronto le responderemosinfo@cadacargo.com.coDatos de contacto Tel\u00e9fono: +57 601 295 3807 Direcci\u00f3n: Direcci\u00f3n: Calle 24 D # 80 C 31Oficina 201Edificio ForibezaBarrio ModeliaBogot\u00e1 &#8211; Colombia Vis\u00edtenos<\/p>\n","protected":false},"author":1,"featured_media":0,"parent":0,"menu_order":0,"comment_status":"closed","ping_status":"closed","template":"","meta":{"_et_pb_use_builder":"on","_et_pb_old_content":"","_et_gb_content_width":"","footnotes":""},"class_list":["post-311","page","type-page","status-publish","hentry"],"_links":{"self":[{"href":"https:\/\/cadacargo.com.co\/es\/wp-json\/wp\/v2\/pages\/311","targetHints":{"allow":["GET"]}}],"collection":[{"href":"https:\/\/cadacargo.com.co\/es\/wp-json\/wp\/v2\/pages"}],"about":[{"href":"https:\/\/cadacargo.com.co\/es\/wp-json\/wp\/v2\/types\/page"}],"author":[{"embeddable":true,"href":"https:\/\/cadacargo.com.co\/es\/wp-json\/wp\/v2\/users\/1"}],"replies":[{"embeddable":true,"href":"https:\/\/cadacargo.com.co\/es\/wp-json\/wp\/v2\/comments?post=311"}],"version-history":[{"count":5,"href":"https:\/\/cadacargo.com.co\/es\/wp-json\/wp\/v2\/pages\/311\/revisions"}],"predecessor-version":[{"id":373,"href":"https:\/\/cadacargo.com.co\/es\/wp-json\/wp\/v2\/pages\/311\/revisions\/373"}],"wp:attachment":[{"href":"https:\/\/cadacargo.com.co\/es\/wp-json\/wp\/v2\/media?parent=311"}],"curies":[{"name":"wp","href":"https:\/\/api.w.org\/{rel}","templated":true}]}}